{"id":376,"date":"2024-10-14T13:06:17","date_gmt":"2024-10-14T13:06:17","guid":{"rendered":"https:\/\/www.fabrisem.com\/nosotros\/"},"modified":"2025-02-11T15:35:42","modified_gmt":"2025-02-11T15:35:42","slug":"about-us","status":"publish","type":"page","link":"https:\/\/www.fabrisem.com\/en\/about-us\/","title":{"rendered":"About us"},"content":{"rendered":"<div class=\"gb-container gb-container-b0e9d653\">\n<div class=\"gb-container gb-container-aea81958\">\n\n<p class=\"gb-headline gb-headline-1e16538f gb-headline-text\">FABRICACI\u00d3N Y DESARROLLO DE TRAILERS<\/p>\n\n\n\n<h1 class=\"gb-headline gb-headline-0d7025df gb-headline-text\">About us<\/h1>\n\n<\/div>\n<\/div>\n\n<div class=\"gb-container gb-container-681bb2b7\" id=\"the-company\">\n<div class=\"gb-container gb-container-fed3b311\">\n\n<h2 class=\"gb-headline gb-headline-ca613e20 gb-headline-text\">The company<\/h2>\n\n\n\n<figure class=\"gb-block-image gb-block-image-09ee1af7\"><img loading=\"lazy\" decoding=\"async\" width=\"110\" height=\"3\" class=\"gb-image gb-image-09ee1af7\" src=\"https:\/\/www.fabrisem.com\/wp-content\/uploads\/2024\/10\/separador.png\" alt=\"\" title=\"separador\"\/><\/figure>\n\n\n\n<p>FDT, Fabricaci\u00f3n y Desarrollo de Tr\u00e1ilers, specialises in the design and manufacture of semi-trailers for ports, logistics and industrial terminals under the Fabrisem trademark.<\/p>\n\n\n\n<p>Our 30-year experience in this industry enables us to offer a reliable product that has been tested under the most diverse conditions. Furthermore, we tailor the design process to meet the needs and requirements of our clients.<\/p>\n\n\n\n<p>Based in Zaragoza, the optimal location of the production plant facilitates the supply of vehicles throughout Europe, the Middle East, Africa and America.<\/p>\n\n\n\n<p>Our brand&#8217;s products notably include semi-trailers, present in ports in <strong>more than 35 countries<\/strong>, which have positioned Fabrisem as an international benchmark in the sector.<\/p>\n\n<\/div>\n<\/div>\n\n<div class=\"gb-container gb-container-a7d9da73\" id=\"our-commitment\">\n<div class=\"gb-container gb-container-bd7c2812\">\n<div class=\"gb-grid-wrapper gb-grid-wrapper-b1da4639\">\n<div class=\"gb-grid-column gb-grid-column-6e4d9b66\"><div class=\"gb-container gb-container-6e4d9b66\">\n\n<h2 class=\"gb-headline gb-headline-137a2149 gb-headline-text\"><strong>Our Commitment<\/strong><\/h2>\n\n\n\n<figure class=\"gb-block-image gb-block-image-94e1edc4\"><img loading=\"lazy\" decoding=\"async\" width=\"110\" height=\"3\" class=\"gb-image gb-image-94e1edc4\" src=\"https:\/\/www.fabrisem.com\/wp-content\/uploads\/2024\/10\/separador.png\" alt=\"\" title=\"separador\"\/><\/figure>\n\n\n\n<p>At <strong>Fabricaci\u00f3n y Desarrollo de Tr\u00e1ilers<\/strong> (FDT) we strive to be a benchmark for our clients and their reliable supplier for internal heavy load transport. To this end, we work closely with them to meet their needs and develop semi-trailers tailored to their requirements.<\/p>\n\n<\/div><\/div>\n\n<div class=\"gb-grid-column gb-grid-column-7df84cb6\"><div class=\"gb-container gb-container-7df84cb6\">\n<p><iframe loading=\"lazy\" title=\"vimeo-player\" src=\"https:\/\/player.vimeo.com\/video\/50122596?h=503881eb07\" width=\"640\" height=\"360\" frameborder=\"0\"    allowfullscreen><\/iframe><\/p>\n\n<\/div><\/div>\n<\/div>\n<\/div>\n<\/div>\n\n<div class=\"gb-container gb-container-8dcf5ead\" id=\"manufacturing\">\n<div class=\"gb-container gb-container-07aa933f\">\n\n<h2 class=\"gb-headline gb-headline-fee4ef35 gb-headline-text\"><strong>Manufacturing<\/strong><\/h2>\n\n\n\n<figure class=\"gb-block-image gb-block-image-d667045f\"><img loading=\"lazy\" decoding=\"async\" width=\"110\" height=\"3\" class=\"gb-image gb-image-d667045f\" src=\"https:\/\/www.fabrisem.com\/wp-content\/uploads\/2024\/10\/separador.png\" alt=\"\" title=\"separador\"\/><\/figure>\n\n\n\n<p>Zaragoza&#8217;s <strong>automotive, industrial and logistics hub<\/strong> allows <strong>FDT<\/strong> to work closely with highly qualified suppliers. We can easily obtain what we require, whether it be the transformation of steel, the basic raw material for semi-trailers, or the supply of commercial elements, which are crucial for our operations.<\/p>\n\n\n\n<p>The production plant, specifically adapted to the manufacture of semi-trailers, is equipped with assembly, turning and welding stations with high-performance machines, as well as a finishing line with shot-blasting and painting cabins.<\/p>\n\n\n\n<p>Moreover, the manufacturing process is governed by procedures and controls to ensure compliance with the highest quality standards and meet our customers&#8217; most stringent specifications.<\/p>\n\n<\/div>\n<\/div>\n\n<div class=\"gb-container gb-container-c3f8bd4a\" id=\"quality\">\n<div class=\"gb-container gb-container-c7d1822f\">\n\n<h2 class=\"gb-headline gb-headline-88b599e9 gb-headline-text\"><strong>Quality<\/strong><\/h2>\n\n\n\n<figure class=\"gb-block-image gb-block-image-4f465b35\"><img loading=\"lazy\" decoding=\"async\" width=\"110\" height=\"3\" class=\"gb-image gb-image-4f465b35\" src=\"https:\/\/www.fabrisem.com\/wp-content\/uploads\/2024\/10\/separador.png\" alt=\"\" title=\"separador\"\/><\/figure>\n\n\n\n<p>Zaragoza&#8217;s automotive, industrial and logistics hub allows the company to work closely with highly qualified suppliers. We pursue excellence, since we aim to deserve our clients\u2019 trust.<\/p>\n\n\n\n<p><strong>Fabricaci\u00f3n y Desarrollo de Tr\u00e1ilers<\/strong> is <strong><u>ISO 9001:2015<\/u><\/strong> certified in the Design, Marketing and Management of Semi-Trailer Production.<\/p>\n\n\n\n<figure class=\"gb-block-image gb-block-image-3db13a48\"><img loading=\"lazy\" decoding=\"async\" width=\"150\" height=\"76\" class=\"gb-image gb-image-3db13a48\" src=\"https:\/\/www.fabrisem.com\/wp-content\/uploads\/2024\/10\/calidad2.png\" alt=\"\" title=\"calidad2\"\/><\/figure>\n\n\n\n<a class=\"gb-button gb-button-7030ffa9 gb-button-text\" href=\"\/wp-content\/uploads\/2024\/11\/0.04.12237_Main_EN.pdf\" target=\"_blank\" rel=\"noopener noreferrer\">ISO 9001:2015 CERTIFICATE<\/a>\n\n\n\n<a class=\"gb-button gb-button-66c00b97 gb-button-text\" href=\"\/wp-content\/uploads\/2025\/02\/QUALITY-POLICY_2025_EN-1.pdf\" target=\"_blank\" rel=\"noopener noreferrer\">Quality Policy<\/a>\n\n<\/div>\n<\/div>","protected":false},"excerpt":{"rendered":"<p>FABRICACI\u00d3N Y DESARROLLO DE TRAILERS About us The company FDT, Fabricaci\u00f3n y Desarrollo de Tr\u00e1ilers, specialises in the design and manufacture of semi-trailers for ports, logistics and industrial terminals under the Fabrisem trademark. Our 30-year experience in this industry enables us to offer a reliable product that has been tested under the most diverse conditions. &#8230; <a title=\"About us\" class=\"read-more\" href=\"https:\/\/www.fabrisem.com\/en\/about-us\/\" aria-label=\"Read more about About us\">Read more<\/a><\/p>\n","protected":false},"author":1,"featured_media":0,"parent":0,"menu_order":0,"comment_status":"closed","ping_status":"closed","template":"","meta":{"footnotes":""},"class_list":["post-376","page","type-page","status-publish"],"_links":{"self":[{"href":"https:\/\/www.fabrisem.com\/en\/wp-json\/wp\/v2\/pages\/376","targetHints":{"allow":["GET"]}}],"collection":[{"href":"https:\/\/www.fabrisem.com\/en\/wp-json\/wp\/v2\/pages"}],"about":[{"href":"https:\/\/www.fabrisem.com\/en\/wp-json\/wp\/v2\/types\/page"}],"author":[{"embeddable":true,"href":"https:\/\/www.fabrisem.com\/en\/wp-json\/wp\/v2\/users\/1"}],"replies":[{"embeddable":true,"href":"https:\/\/www.fabrisem.com\/en\/wp-json\/wp\/v2\/comments?post=376"}],"version-history":[{"count":4,"href":"https:\/\/www.fabrisem.com\/en\/wp-json\/wp\/v2\/pages\/376\/revisions"}],"predecessor-version":[{"id":429,"href":"https:\/\/www.fabrisem.com\/en\/wp-json\/wp\/v2\/pages\/376\/revisions\/429"}],"wp:attachment":[{"href":"https:\/\/www.fabrisem.com\/en\/wp-json\/wp\/v2\/media?parent=376"}],"curies":[{"name":"wp","href":"https:\/\/api.w.org\/{rel}","templated":true}]}}